{"id":147,"date":"2011-03-26T16:44:33","date_gmt":"2011-03-26T15:44:33","guid":{"rendered":"http:\/\/www.ksv-johannisthal.de\/?page_id=147"},"modified":"2024-09-27T20:07:35","modified_gmt":"2024-09-27T18:07:35","slug":"kontakt-2","status":"publish","type":"page","link":"http:\/\/www.ksv-johannisthal.de\/?page_id=147","title":{"rendered":"Kontakt"},"content":{"rendered":"<p><strong>Vereinsadresse:<\/strong><\/p>\n<p>KSV Johannisthal 1980 e.V. , Dahmestr. 3, 12527\u00a0 Berlin<\/p>\n<p><strong>Unsere Heimspielst\u00e4tte:<\/strong><\/p>\n<p>K\u00e4the-Tucholla-Stadion, Bruno-B\u00fcrgel-Weg 99-125, 12439 Berlin<\/p>\n<p><strong>Kontakt:<\/strong><\/p>\n<p>0160 1546917 oder per Mail unter bernd.vogelsang@freenet.de<strong>.<\/strong><\/p>\n<p><strong>Trainingszeiten:<\/strong><\/p>\n<p>Jeweils Dienstags 18 bis 20 Uhr.<strong><br \/>\n<\/strong><\/p>\n<p><strong>Casino:<\/strong><\/p>\n<p>Unser Vereinslokal ist direkt am \u00f6stlichen Ende des K\u00e4the-Tucholla-Stadions im Bruno-B\u00fcrgel-Weg 99\u00a0zu finden. Leicht erkennbar an der Ausschilderung. Eine Treppe hoch und herzlich Willkommen jeweils Dienstags ab 18 Uhr bis in die Nacht und zu besonderen Veranstaltungen, die unter &#8222;Termine&#8220; angegeben sind.<\/p>\n<p><strong>Bilder von der Heimat des KSV:<\/strong><\/p>\n<p style=\"text-align: center;\">\n<p style=\"text-align: center;\"><a href=\"http:\/\/www.ksv-johannisthal.de\/wp-content\/uploads\/2011\/03\/Alexa-Bilder-378.jpg\"><img loading=\"lazy\" decoding=\"async\" class=\"aligncenter  wp-image-2466\" src=\"http:\/\/www.ksv-johannisthal.de\/wp-content\/uploads\/2011\/03\/Alexa-Bilder-378.jpg\" alt=\"Alexa Bilder 378\" width=\"614\" height=\"410\" srcset=\"https:\/\/www.ksv-johannisthal.de\/wp-content\/uploads\/2011\/03\/Alexa-Bilder-378.jpg 1024w, https:\/\/www.ksv-johannisthal.de\/wp-content\/uploads\/2011\/03\/Alexa-Bilder-378-300x200.jpg 300w\" sizes=\"(max-width: 614px) 100vw, 614px\" \/><\/a><\/p>\n<p style=\"text-align: center;\"><a href=\"http:\/\/www.ksv-johannisthal.de\/wp-content\/uploads\/2011\/03\/Alexa-Bilder-375.jpg\"><img loading=\"lazy\" decoding=\"async\" class=\"aligncenter  wp-image-2464\" src=\"http:\/\/www.ksv-johannisthal.de\/wp-content\/uploads\/2011\/03\/Alexa-Bilder-375.jpg\" alt=\"Alexa Bilder 375\" width=\"410\" height=\"614\" srcset=\"https:\/\/www.ksv-johannisthal.de\/wp-content\/uploads\/2011\/03\/Alexa-Bilder-375.jpg 683w, https:\/\/www.ksv-johannisthal.de\/wp-content\/uploads\/2011\/03\/Alexa-Bilder-375-200x300.jpg 200w\" sizes=\"(max-width: 410px) 100vw, 410px\" \/><\/a><\/p>\n<p style=\"text-align: center;\"><a href=\"http:\/\/www.ksv-johannisthal.de\/wp-content\/uploads\/2011\/03\/Alexa-Bilder-386.jpg\"><img loading=\"lazy\" decoding=\"async\" class=\"aligncenter  wp-image-2469\" src=\"http:\/\/www.ksv-johannisthal.de\/wp-content\/uploads\/2011\/03\/Alexa-Bilder-386.jpg\" alt=\"Alexa Bilder 386\" width=\"614\" height=\"410\" srcset=\"https:\/\/www.ksv-johannisthal.de\/wp-content\/uploads\/2011\/03\/Alexa-Bilder-386.jpg 1024w, https:\/\/www.ksv-johannisthal.de\/wp-content\/uploads\/2011\/03\/Alexa-Bilder-386-300x200.jpg 300w\" sizes=\"(max-width: 614px) 100vw, 614px\" \/><\/a><\/p>\n<p style=\"text-align: center;\">\n","protected":false},"excerpt":{"rendered":"<p>Vereinsadresse: KSV Johannisthal 1980 e.V. , Dahmestr. 3, 12527\u00a0 Berlin Unsere Heimspielst\u00e4tte: K\u00e4the-Tucholla-Stadion, Bruno-B\u00fcrgel-Weg 99-125, 12439 Berlin Kontakt: 0160 1546917 oder per Mail unter bernd.vogelsang@freenet.de. Trainingszeiten: Jeweils Dienstags 18 bis 20 Uhr. Casino: Unser Vereinslokal ist direkt am \u00f6stlichen Ende des K\u00e4the-Tucholla-Stadions im Bruno-B\u00fcrgel-Weg 99\u00a0zu finden. Leicht erkennbar an der Ausschilderung. Eine Treppe hoch und [&hellip;]<\/p>\n","protected":false},"author":2,"featured_media":0,"parent":0,"menu_order":0,"comment_status":"open","ping_status":"open","template":"","meta":{"footnotes":""},"class_list":["post-147","page","type-page","status-publish","hentry"],"_links":{"self":[{"href":"http:\/\/www.ksv-johannisthal.de\/index.php?rest_route=\/wp\/v2\/pages\/147"}],"collection":[{"href":"http:\/\/www.ksv-johannisthal.de\/index.php?rest_route=\/wp\/v2\/pages"}],"about":[{"href":"http:\/\/www.ksv-johannisthal.de\/index.php?rest_route=\/wp\/v2\/types\/page"}],"author":[{"embeddable":true,"href":"http:\/\/www.ksv-johannisthal.de\/index.php?rest_route=\/wp\/v2\/users\/2"}],"replies":[{"embeddable":true,"href":"http:\/\/www.ksv-johannisthal.de\/index.php?rest_route=%2Fwp%2Fv2%2Fcomments&post=147"}],"version-history":[{"count":17,"href":"http:\/\/www.ksv-johannisthal.de\/index.php?rest_route=\/wp\/v2\/pages\/147\/revisions"}],"predecessor-version":[{"id":14056,"href":"http:\/\/www.ksv-johannisthal.de\/index.php?rest_route=\/wp\/v2\/pages\/147\/revisions\/14056"}],"wp:attachment":[{"href":"http:\/\/www.ksv-johannisthal.de\/index.php?rest_route=%2Fwp%2Fv2%2Fmedia&parent=147"}],"curies":[{"name":"wp","href":"https:\/\/api.w.org\/{rel}","templated":true}]}}