{"id":41,"date":"2011-03-05T11:07:21","date_gmt":"2011-03-05T10:07:21","guid":{"rendered":"http:\/\/www.ksv-johannisthal.de\/?page_id=41"},"modified":"2026-05-01T07:08:37","modified_gmt":"2026-05-01T05:08:37","slug":"aktuelles","status":"publish","type":"page","link":"http:\/\/www.ksv-johannisthal.de\/?page_id=41","title":{"rendered":"Termine"},"content":{"rendered":"\n<p><em><mark style=\"background-color:rgba(0, 0, 0, 0)\" class=\"has-inline-color has-vivid-red-color\">Sonntag 03.05.2026 14:00 Uhr \u00dc 40 Ausw\u00e4rtsspiel bei Anadoluspor Berlin (Vor dem Schlesischen Tor 1\/ 10997 Berlin)<\/mark><\/em><\/p>\n\n\n\n<p><em><mark style=\"background-color:rgba(0, 0, 0, 0)\" class=\"has-inline-color has-vivid-red-color\">Mittwoch, 06.05.2026 20:00 Uhr \u00dc 40 Ausw\u00e4rtsspiel beim SC Borsigwalde (Tietzstra\u00dfe 33-41\/ 13509 Berlin)<\/mark><\/em> <\/p>\n\n\n\n<p><em><mark style=\"background-color:rgba(0, 0, 0, 0)\" class=\"has-inline-color has-vivid-red-color\">Dienstag, 12.05.2026 19:30 Uhr \u00dc 40 Heimspiel gegen den Nordberliner SC<\/mark><\/em><\/p>\n\n\n\n<p><mark style=\"background-color:rgba(0, 0, 0, 0)\" class=\"has-inline-color has-vivid-cyan-blue-color\">Mittwoch, 13.05.2026 18:30 Uhr \u00dc 50 Ausw\u00e4rtsspiel beim SV Treptow 46 (Verl\u00e4ngerte Eichbuschallee\/ 12437 Berlin)<\/mark><\/p>\n\n\n\n<p><em><mark style=\"background-color:rgba(0, 0, 0, 0)\" class=\"has-inline-color has-vivid-red-color\">Freitag, 29.05.2026 19:30 Uhr \u00dc 40 Ausw\u00e4rtsspiel beim FK Srbija (Askanierring 149\/ 13585 Berlin)<\/mark><\/em><\/p>\n\n\n\n<p><mark style=\"background-color:rgba(0, 0, 0, 0)\" class=\"has-inline-color has-vivid-cyan-blue-color\">Dienstag, 02.06.2026 19:00 Uhr \u00dc 50 Heimspiel gegen den Franziskaner FC<\/mark><\/p>\n\n\n\n<p>04.06.-07.06.2026 Reise nach Rom mit Spielen gegen die Nationalmannschaften des Vatikan<\/p>\n\n\n\n<p><em><mark style=\"background-color:rgba(0, 0, 0, 0)\" class=\"has-inline-color has-vivid-red-color\">Dienstag, 09.06.2026 19:00 Uhr \u00dc 40 Heimspiel gegen Club Italia<\/mark><\/em><\/p>\n\n\n\n<p><em><mark style=\"background-color:rgba(0, 0, 0, 0)\" class=\"has-inline-color has-vivid-red-color\">Freitag, 12.06.2026 20:00 Uhr \u00dc 40 Ausw\u00e4rtsspiel bei Victoria Friedrichshain (Alt-Stralau 40\/ 41\/ 10245 Berlin)<\/mark><\/em><\/p>\n\n\n\n<p><\/p>\n","protected":false},"excerpt":{"rendered":"<p>Sonntag 03.05.2026 14:00 Uhr \u00dc 40 Ausw\u00e4rtsspiel bei Anadoluspor Berlin (Vor dem Schlesischen Tor 1\/ 10997 Berlin) Mittwoch, 06.05.2026 20:00 Uhr \u00dc 40 Ausw\u00e4rtsspiel beim SC Borsigwalde (Tietzstra\u00dfe 33-41\/ 13509 Berlin) Dienstag, 12.05.2026 19:30 Uhr \u00dc 40 Heimspiel gegen den Nordberliner SC Mittwoch, 13.05.2026 18:30 Uhr \u00dc 50 Ausw\u00e4rtsspiel beim SV Treptow 46 (Verl\u00e4ngerte Eichbuschallee\/ [&hellip;]<\/p>\n","protected":false},"author":2,"featured_media":0,"parent":0,"menu_order":0,"comment_status":"closed","ping_status":"open","template":"","meta":{"footnotes":""},"class_list":["post-41","page","type-page","status-publish","hentry"],"_links":{"self":[{"href":"http:\/\/www.ksv-johannisthal.de\/index.php?rest_route=\/wp\/v2\/pages\/41"}],"collection":[{"href":"http:\/\/www.ksv-johannisthal.de\/index.php?rest_route=\/wp\/v2\/pages"}],"about":[{"href":"http:\/\/www.ksv-johannisthal.de\/index.php?rest_route=\/wp\/v2\/types\/page"}],"author":[{"embeddable":true,"href":"http:\/\/www.ksv-johannisthal.de\/index.php?rest_route=\/wp\/v2\/users\/2"}],"replies":[{"embeddable":true,"href":"http:\/\/www.ksv-johannisthal.de\/index.php?rest_route=%2Fwp%2Fv2%2Fcomments&post=41"}],"version-history":[{"count":1372,"href":"http:\/\/www.ksv-johannisthal.de\/index.php?rest_route=\/wp\/v2\/pages\/41\/revisions"}],"predecessor-version":[{"id":18513,"href":"http:\/\/www.ksv-johannisthal.de\/index.php?rest_route=\/wp\/v2\/pages\/41\/revisions\/18513"}],"wp:attachment":[{"href":"http:\/\/www.ksv-johannisthal.de\/index.php?rest_route=%2Fwp%2Fv2%2Fmedia&parent=41"}],"curies":[{"name":"wp","href":"https:\/\/api.w.org\/{rel}","templated":true}]}}