{"id":18471,"date":"2026-04-28T13:19:23","date_gmt":"2026-04-28T11:19:23","guid":{"rendered":"https:\/\/www.ksv-johannisthal.de\/?page_id=18471"},"modified":"2026-04-28T13:36:03","modified_gmt":"2026-04-28T11:36:03","slug":"prag-26","status":"publish","type":"page","link":"https:\/\/www.ksv-johannisthal.de\/?page_id=18471","title":{"rendered":"Prag 26"},"content":{"rendered":"\n<p>. <\/p>\n\n\n\n<p>Die Pragreise hat mal wieder einige Bl\u00fcten produziert, die wir in Bild und \u201aTon\u2018 wiedergeben. Weiter unten ist ein Liveticker zu finden. Hier aber eine wunderbare Sweet Girls und Bad Boys Compilation. Herrlich!-)<\/p>\n\n\n\n<p>.<\/p>\n\n\n\n<p><\/p>\n\n\n\n<p>.<\/p>\n\n\n\n<p><\/p>\n\n\n\n<p><\/p>\n\n\n\n<p><\/p>\n\n\n\n<p>.<\/p>\n\n\n\n<figure class=\"wp-block-image size-large\"><a href=\"https:\/\/www.ksv-johannisthal.de\/wp-content\/uploads\/2026\/04\/94F235AE-E438-428D-B64E-55645A4D8391.jpeg\"><img loading=\"lazy\" decoding=\"async\" width=\"1024\" height=\"768\" src=\"https:\/\/www.ksv-johannisthal.de\/wp-content\/uploads\/2026\/04\/94F235AE-E438-428D-B64E-55645A4D8391-1024x768.jpeg\" alt=\"\" class=\"wp-image-18469\" srcset=\"https:\/\/www.ksv-johannisthal.de\/wp-content\/uploads\/2026\/04\/94F235AE-E438-428D-B64E-55645A4D8391-1024x768.jpeg 1024w, https:\/\/www.ksv-johannisthal.de\/wp-content\/uploads\/2026\/04\/94F235AE-E438-428D-B64E-55645A4D8391-300x225.jpeg 300w, https:\/\/www.ksv-johannisthal.de\/wp-content\/uploads\/2026\/04\/94F235AE-E438-428D-B64E-55645A4D8391-768x576.jpeg 768w, https:\/\/www.ksv-johannisthal.de\/wp-content\/uploads\/2026\/04\/94F235AE-E438-428D-B64E-55645A4D8391-1536x1152.jpeg 1536w, https:\/\/www.ksv-johannisthal.de\/wp-content\/uploads\/2026\/04\/94F235AE-E438-428D-B64E-55645A4D8391.jpeg 2048w\" sizes=\"(max-width: 1024px) 100vw, 1024px\" \/><\/a><\/figure>\n\n\n\n<p>.<\/p>\n\n\n\n<p><br><\/p>\n\n\n\n<figure class=\"wp-block-gallery has-nested-images columns-default is-cropped wp-block-gallery-1 is-layout-flex wp-block-gallery-is-layout-flex\">\n<figure class=\"wp-block-image size-large\"><a href=\"https:\/\/www.ksv-johannisthal.de\/wp-content\/uploads\/2026\/04\/74D714D7-AC3D-4FD7-A96B-1B5AEEC3F14D.jpeg\"><img loading=\"lazy\" decoding=\"async\" width=\"1024\" height=\"768\" data-id=\"18468\" src=\"https:\/\/www.ksv-johannisthal.de\/wp-content\/uploads\/2026\/04\/74D714D7-AC3D-4FD7-A96B-1B5AEEC3F14D-1024x768.jpeg\" alt=\"\" class=\"wp-image-18468\" srcset=\"https:\/\/www.ksv-johannisthal.de\/wp-content\/uploads\/2026\/04\/74D714D7-AC3D-4FD7-A96B-1B5AEEC3F14D-1024x768.jpeg 1024w, https:\/\/www.ksv-johannisthal.de\/wp-content\/uploads\/2026\/04\/74D714D7-AC3D-4FD7-A96B-1B5AEEC3F14D-300x225.jpeg 300w, https:\/\/www.ksv-johannisthal.de\/wp-content\/uploads\/2026\/04\/74D714D7-AC3D-4FD7-A96B-1B5AEEC3F14D-768x576.jpeg 768w, https:\/\/www.ksv-johannisthal.de\/wp-content\/uploads\/2026\/04\/74D714D7-AC3D-4FD7-A96B-1B5AEEC3F14D-1536x1152.jpeg 1536w, https:\/\/www.ksv-johannisthal.de\/wp-content\/uploads\/2026\/04\/74D714D7-AC3D-4FD7-A96B-1B5AEEC3F14D.jpeg 2048w\" sizes=\"(max-width: 1024px) 100vw, 1024px\" \/><\/a><\/figure>\n\n\n\n<figure class=\"wp-block-image size-large\"><a href=\"https:\/\/www.ksv-johannisthal.de\/wp-content\/uploads\/2026\/04\/3ED923B3-F437-4B4E-8F78-23EE18DFFD55.jpeg\"><img loading=\"lazy\" decoding=\"async\" width=\"1024\" height=\"768\" data-id=\"18467\" src=\"https:\/\/www.ksv-johannisthal.de\/wp-content\/uploads\/2026\/04\/3ED923B3-F437-4B4E-8F78-23EE18DFFD55-1024x768.jpeg\" alt=\"\" class=\"wp-image-18467\" srcset=\"https:\/\/www.ksv-johannisthal.de\/wp-content\/uploads\/2026\/04\/3ED923B3-F437-4B4E-8F78-23EE18DFFD55-1024x768.jpeg 1024w, https:\/\/www.ksv-johannisthal.de\/wp-content\/uploads\/2026\/04\/3ED923B3-F437-4B4E-8F78-23EE18DFFD55-300x225.jpeg 300w, https:\/\/www.ksv-johannisthal.de\/wp-content\/uploads\/2026\/04\/3ED923B3-F437-4B4E-8F78-23EE18DFFD55-768x576.jpeg 768w, https:\/\/www.ksv-johannisthal.de\/wp-content\/uploads\/2026\/04\/3ED923B3-F437-4B4E-8F78-23EE18DFFD55-1536x1152.jpeg 1536w, https:\/\/www.ksv-johannisthal.de\/wp-content\/uploads\/2026\/04\/3ED923B3-F437-4B4E-8F78-23EE18DFFD55.jpeg 2048w\" sizes=\"(max-width: 1024px) 100vw, 1024px\" \/><\/a><\/figure>\n\n\n\n<figure class=\"wp-block-image size-large\"><a href=\"https:\/\/www.ksv-johannisthal.de\/wp-content\/uploads\/2026\/04\/73F0CAB6-A843-42E8-BE6B-BCCA612BAC36.jpeg\"><img loading=\"lazy\" decoding=\"async\" width=\"588\" height=\"1024\" data-id=\"18466\" src=\"https:\/\/www.ksv-johannisthal.de\/wp-content\/uploads\/2026\/04\/73F0CAB6-A843-42E8-BE6B-BCCA612BAC36-588x1024.jpeg\" alt=\"\" class=\"wp-image-18466\" srcset=\"https:\/\/www.ksv-johannisthal.de\/wp-content\/uploads\/2026\/04\/73F0CAB6-A843-42E8-BE6B-BCCA612BAC36-588x1024.jpeg 588w, https:\/\/www.ksv-johannisthal.de\/wp-content\/uploads\/2026\/04\/73F0CAB6-A843-42E8-BE6B-BCCA612BAC36-172x300.jpeg 172w, https:\/\/www.ksv-johannisthal.de\/wp-content\/uploads\/2026\/04\/73F0CAB6-A843-42E8-BE6B-BCCA612BAC36-768x1336.jpeg 768w, https:\/\/www.ksv-johannisthal.de\/wp-content\/uploads\/2026\/04\/73F0CAB6-A843-42E8-BE6B-BCCA612BAC36-883x1536.jpeg 883w, https:\/\/www.ksv-johannisthal.de\/wp-content\/uploads\/2026\/04\/73F0CAB6-A843-42E8-BE6B-BCCA612BAC36.jpeg 993w\" sizes=\"(max-width: 588px) 100vw, 588px\" \/><\/a><\/figure>\n\n\n\n<figure class=\"wp-block-image size-large\"><a href=\"https:\/\/www.ksv-johannisthal.de\/wp-content\/uploads\/2026\/04\/728FA831-93B9-4744-B782-5EEEE5EEBAFC.jpeg\"><img loading=\"lazy\" decoding=\"async\" width=\"1024\" height=\"768\" data-id=\"18465\" src=\"https:\/\/www.ksv-johannisthal.de\/wp-content\/uploads\/2026\/04\/728FA831-93B9-4744-B782-5EEEE5EEBAFC-1024x768.jpeg\" alt=\"\" class=\"wp-image-18465\" srcset=\"https:\/\/www.ksv-johannisthal.de\/wp-content\/uploads\/2026\/04\/728FA831-93B9-4744-B782-5EEEE5EEBAFC-1024x768.jpeg 1024w, https:\/\/www.ksv-johannisthal.de\/wp-content\/uploads\/2026\/04\/728FA831-93B9-4744-B782-5EEEE5EEBAFC-300x225.jpeg 300w, https:\/\/www.ksv-johannisthal.de\/wp-content\/uploads\/2026\/04\/728FA831-93B9-4744-B782-5EEEE5EEBAFC-768x576.jpeg 768w, https:\/\/www.ksv-johannisthal.de\/wp-content\/uploads\/2026\/04\/728FA831-93B9-4744-B782-5EEEE5EEBAFC-1536x1152.jpeg 1536w, https:\/\/www.ksv-johannisthal.de\/wp-content\/uploads\/2026\/04\/728FA831-93B9-4744-B782-5EEEE5EEBAFC.jpeg 2048w\" sizes=\"(max-width: 1024px) 100vw, 1024px\" \/><\/a><\/figure>\n\n\n\n<figure class=\"wp-block-image size-large\"><a href=\"https:\/\/www.ksv-johannisthal.de\/wp-content\/uploads\/2026\/04\/79768BBE-EA42-46CF-92B1-81B7BA7C9495.jpeg\"><img loading=\"lazy\" decoding=\"async\" width=\"1024\" height=\"820\" data-id=\"18464\" src=\"https:\/\/www.ksv-johannisthal.de\/wp-content\/uploads\/2026\/04\/79768BBE-EA42-46CF-92B1-81B7BA7C9495-1024x820.jpeg\" alt=\"\" class=\"wp-image-18464\" srcset=\"https:\/\/www.ksv-johannisthal.de\/wp-content\/uploads\/2026\/04\/79768BBE-EA42-46CF-92B1-81B7BA7C9495-1024x820.jpeg 1024w, https:\/\/www.ksv-johannisthal.de\/wp-content\/uploads\/2026\/04\/79768BBE-EA42-46CF-92B1-81B7BA7C9495-300x240.jpeg 300w, https:\/\/www.ksv-johannisthal.de\/wp-content\/uploads\/2026\/04\/79768BBE-EA42-46CF-92B1-81B7BA7C9495-768x615.jpeg 768w, https:\/\/www.ksv-johannisthal.de\/wp-content\/uploads\/2026\/04\/79768BBE-EA42-46CF-92B1-81B7BA7C9495-1536x1230.jpeg 1536w, https:\/\/www.ksv-johannisthal.de\/wp-content\/uploads\/2026\/04\/79768BBE-EA42-46CF-92B1-81B7BA7C9495.jpeg 1881w\" sizes=\"(max-width: 1024px) 100vw, 1024px\" \/><\/a><\/figure>\n\n\n\n<figure class=\"wp-block-image size-large\"><a href=\"https:\/\/www.ksv-johannisthal.de\/wp-content\/uploads\/2026\/04\/2A1F9DB9-70FA-45D7-9734-7E0E6F2AF94E.jpeg\"><img loading=\"lazy\" decoding=\"async\" width=\"1024\" height=\"1018\" data-id=\"18463\" src=\"https:\/\/www.ksv-johannisthal.de\/wp-content\/uploads\/2026\/04\/2A1F9DB9-70FA-45D7-9734-7E0E6F2AF94E-1024x1018.jpeg\" alt=\"\" class=\"wp-image-18463\" srcset=\"https:\/\/www.ksv-johannisthal.de\/wp-content\/uploads\/2026\/04\/2A1F9DB9-70FA-45D7-9734-7E0E6F2AF94E-1024x1018.jpeg 1024w, https:\/\/www.ksv-johannisthal.de\/wp-content\/uploads\/2026\/04\/2A1F9DB9-70FA-45D7-9734-7E0E6F2AF94E-300x298.jpeg 300w, https:\/\/www.ksv-johannisthal.de\/wp-content\/uploads\/2026\/04\/2A1F9DB9-70FA-45D7-9734-7E0E6F2AF94E-150x150.jpeg 150w, https:\/\/www.ksv-johannisthal.de\/wp-content\/uploads\/2026\/04\/2A1F9DB9-70FA-45D7-9734-7E0E6F2AF94E-768x764.jpeg 768w, https:\/\/www.ksv-johannisthal.de\/wp-content\/uploads\/2026\/04\/2A1F9DB9-70FA-45D7-9734-7E0E6F2AF94E-1536x1527.jpeg 1536w, https:\/\/www.ksv-johannisthal.de\/wp-content\/uploads\/2026\/04\/2A1F9DB9-70FA-45D7-9734-7E0E6F2AF94E.jpeg 1738w\" sizes=\"(max-width: 1024px) 100vw, 1024px\" \/><\/a><\/figure>\n\n\n\n<figure class=\"wp-block-image size-large\"><a href=\"https:\/\/www.ksv-johannisthal.de\/wp-content\/uploads\/2026\/04\/0074AFD7-8239-4D86-9044-2A304D2D4BA1.jpeg\"><img loading=\"lazy\" decoding=\"async\" width=\"783\" height=\"1024\" data-id=\"18462\" src=\"https:\/\/www.ksv-johannisthal.de\/wp-content\/uploads\/2026\/04\/0074AFD7-8239-4D86-9044-2A304D2D4BA1-783x1024.jpeg\" alt=\"\" class=\"wp-image-18462\" srcset=\"https:\/\/www.ksv-johannisthal.de\/wp-content\/uploads\/2026\/04\/0074AFD7-8239-4D86-9044-2A304D2D4BA1-783x1024.jpeg 783w, https:\/\/www.ksv-johannisthal.de\/wp-content\/uploads\/2026\/04\/0074AFD7-8239-4D86-9044-2A304D2D4BA1-229x300.jpeg 229w, https:\/\/www.ksv-johannisthal.de\/wp-content\/uploads\/2026\/04\/0074AFD7-8239-4D86-9044-2A304D2D4BA1-768x1004.jpeg 768w, https:\/\/www.ksv-johannisthal.de\/wp-content\/uploads\/2026\/04\/0074AFD7-8239-4D86-9044-2A304D2D4BA1-1175x1536.jpeg 1175w, https:\/\/www.ksv-johannisthal.de\/wp-content\/uploads\/2026\/04\/0074AFD7-8239-4D86-9044-2A304D2D4BA1.jpeg 1566w\" sizes=\"(max-width: 783px) 100vw, 783px\" \/><\/a><\/figure>\n\n\n\n<figure class=\"wp-block-image size-large\"><a href=\"https:\/\/www.ksv-johannisthal.de\/wp-content\/uploads\/2026\/04\/1E40D632-6725-4CD2-B76B-BFF5ADCE273D.jpeg\"><img loading=\"lazy\" decoding=\"async\" width=\"1024\" height=\"768\" data-id=\"18461\" src=\"https:\/\/www.ksv-johannisthal.de\/wp-content\/uploads\/2026\/04\/1E40D632-6725-4CD2-B76B-BFF5ADCE273D-1024x768.jpeg\" alt=\"\" class=\"wp-image-18461\" srcset=\"https:\/\/www.ksv-johannisthal.de\/wp-content\/uploads\/2026\/04\/1E40D632-6725-4CD2-B76B-BFF5ADCE273D-1024x768.jpeg 1024w, https:\/\/www.ksv-johannisthal.de\/wp-content\/uploads\/2026\/04\/1E40D632-6725-4CD2-B76B-BFF5ADCE273D-300x225.jpeg 300w, https:\/\/www.ksv-johannisthal.de\/wp-content\/uploads\/2026\/04\/1E40D632-6725-4CD2-B76B-BFF5ADCE273D-768x576.jpeg 768w, https:\/\/www.ksv-johannisthal.de\/wp-content\/uploads\/2026\/04\/1E40D632-6725-4CD2-B76B-BFF5ADCE273D-1536x1152.jpeg 1536w, https:\/\/www.ksv-johannisthal.de\/wp-content\/uploads\/2026\/04\/1E40D632-6725-4CD2-B76B-BFF5ADCE273D.jpeg 2048w\" sizes=\"(max-width: 1024px) 100vw, 1024px\" \/><\/a><\/figure>\n\n\n\n<figure class=\"wp-block-image size-large\"><a href=\"https:\/\/www.ksv-johannisthal.de\/wp-content\/uploads\/2026\/04\/FE53E585-F64C-4CB1-A387-30F0C4E925EA.jpeg\"><img loading=\"lazy\" decoding=\"async\" width=\"1024\" height=\"768\" data-id=\"18460\" src=\"https:\/\/www.ksv-johannisthal.de\/wp-content\/uploads\/2026\/04\/FE53E585-F64C-4CB1-A387-30F0C4E925EA-1024x768.jpeg\" alt=\"\" class=\"wp-image-18460\" srcset=\"https:\/\/www.ksv-johannisthal.de\/wp-content\/uploads\/2026\/04\/FE53E585-F64C-4CB1-A387-30F0C4E925EA-1024x768.jpeg 1024w, https:\/\/www.ksv-johannisthal.de\/wp-content\/uploads\/2026\/04\/FE53E585-F64C-4CB1-A387-30F0C4E925EA-300x225.jpeg 300w, https:\/\/www.ksv-johannisthal.de\/wp-content\/uploads\/2026\/04\/FE53E585-F64C-4CB1-A387-30F0C4E925EA-768x576.jpeg 768w, https:\/\/www.ksv-johannisthal.de\/wp-content\/uploads\/2026\/04\/FE53E585-F64C-4CB1-A387-30F0C4E925EA-1536x1152.jpeg 1536w, https:\/\/www.ksv-johannisthal.de\/wp-content\/uploads\/2026\/04\/FE53E585-F64C-4CB1-A387-30F0C4E925EA.jpeg 2048w\" sizes=\"(max-width: 1024px) 100vw, 1024px\" \/><\/a><\/figure>\n<\/figure>\n\n\n\n<p>.<\/p>\n\n\n\n<p><mark>25.04.2026 WM Ticker und so\u00a0<\/mark><\/p>\n\n\n\n<p>.<\/p>\n\n\n\n<p>14:00 Der Pott geht nach Berlin<\/p>\n\n\n\n<p>Tino tickert und die KSV Oldies spielen ein herausragendes Turnier, auch wenn es mal Aua, Aua gibt, aber eben auch Pflege durch top Fachkr\u00e4fte.&nbsp;<\/p>\n\n\n\n<p>Da ist der Pott und sch\u00f6ne Fotos.&nbsp;<\/p>\n\n\n\n<p>Tino tickert: \u201eDa ist das Ding. Trotz einer knappen Niederlage im letzten Spiel holen wir Platz 3 als beste deutsche Mannschaft.\u201c<\/p>\n\n\n\n<p>Bravo! Ihr seid Helden.<\/p>\n\n\n\n<p>.<\/p>\n\n\n\n<figure class=\"wp-block-image\"><a href=\"https:\/\/www.ksv-johannisthal.de\/wp-content\/uploads\/2026\/04\/F8C07CF5-11FA-4D72-BE80-D79C93D4F957-scaled.jpeg\"><img loading=\"lazy\" decoding=\"async\" width=\"1024\" height=\"798\" src=\"https:\/\/www.ksv-johannisthal.de\/wp-content\/uploads\/2026\/04\/F8C07CF5-11FA-4D72-BE80-D79C93D4F957-1024x798.jpeg\" alt=\"\" class=\"wp-image-18439\" srcset=\"https:\/\/www.ksv-johannisthal.de\/wp-content\/uploads\/2026\/04\/F8C07CF5-11FA-4D72-BE80-D79C93D4F957-1024x798.jpeg 1024w, https:\/\/www.ksv-johannisthal.de\/wp-content\/uploads\/2026\/04\/F8C07CF5-11FA-4D72-BE80-D79C93D4F957-300x234.jpeg 300w, https:\/\/www.ksv-johannisthal.de\/wp-content\/uploads\/2026\/04\/F8C07CF5-11FA-4D72-BE80-D79C93D4F957-768x599.jpeg 768w, https:\/\/www.ksv-johannisthal.de\/wp-content\/uploads\/2026\/04\/F8C07CF5-11FA-4D72-BE80-D79C93D4F957-1536x1198.jpeg 1536w, https:\/\/www.ksv-johannisthal.de\/wp-content\/uploads\/2026\/04\/F8C07CF5-11FA-4D72-BE80-D79C93D4F957-2048x1597.jpeg 2048w\" sizes=\"(max-width: 1024px) 100vw, 1024px\" \/><\/a><\/figure>\n\n\n\n<p>.<\/p>\n\n\n\n<figure class=\"wp-block-gallery has-nested-images columns-default is-cropped wp-block-gallery-2 is-layout-flex wp-block-gallery-is-layout-flex\">\n<figure class=\"wp-block-image size-large\"><a href=\"https:\/\/www.ksv-johannisthal.de\/wp-content\/uploads\/2026\/04\/A71CB4CB-9A1B-4CED-A71E-45166A396CE0.jpeg\"><img loading=\"lazy\" decoding=\"async\" width=\"768\" height=\"1024\" data-id=\"18428\" src=\"https:\/\/www.ksv-johannisthal.de\/wp-content\/uploads\/2026\/04\/A71CB4CB-9A1B-4CED-A71E-45166A396CE0-768x1024.jpeg\" alt=\"\" class=\"wp-image-18428\" srcset=\"https:\/\/www.ksv-johannisthal.de\/wp-content\/uploads\/2026\/04\/A71CB4CB-9A1B-4CED-A71E-45166A396CE0-768x1024.jpeg 768w, https:\/\/www.ksv-johannisthal.de\/wp-content\/uploads\/2026\/04\/A71CB4CB-9A1B-4CED-A71E-45166A396CE0-225x300.jpeg 225w, https:\/\/www.ksv-johannisthal.de\/wp-content\/uploads\/2026\/04\/A71CB4CB-9A1B-4CED-A71E-45166A396CE0-1152x1536.jpeg 1152w, https:\/\/www.ksv-johannisthal.de\/wp-content\/uploads\/2026\/04\/A71CB4CB-9A1B-4CED-A71E-45166A396CE0.jpeg 1200w\" sizes=\"(max-width: 768px) 100vw, 768px\" \/><\/a><\/figure>\n\n\n\n<figure class=\"wp-block-image size-large\"><a href=\"https:\/\/www.ksv-johannisthal.de\/wp-content\/uploads\/2026\/04\/21164B2C-620D-4C12-A2BB-FD18725EF777.jpeg\"><img loading=\"lazy\" decoding=\"async\" width=\"768\" height=\"1024\" data-id=\"18427\" src=\"https:\/\/www.ksv-johannisthal.de\/wp-content\/uploads\/2026\/04\/21164B2C-620D-4C12-A2BB-FD18725EF777-768x1024.jpeg\" alt=\"\" class=\"wp-image-18427\" srcset=\"https:\/\/www.ksv-johannisthal.de\/wp-content\/uploads\/2026\/04\/21164B2C-620D-4C12-A2BB-FD18725EF777-768x1024.jpeg 768w, https:\/\/www.ksv-johannisthal.de\/wp-content\/uploads\/2026\/04\/21164B2C-620D-4C12-A2BB-FD18725EF777-225x300.jpeg 225w, https:\/\/www.ksv-johannisthal.de\/wp-content\/uploads\/2026\/04\/21164B2C-620D-4C12-A2BB-FD18725EF777-1152x1536.jpeg 1152w, https:\/\/www.ksv-johannisthal.de\/wp-content\/uploads\/2026\/04\/21164B2C-620D-4C12-A2BB-FD18725EF777.jpeg 1200w\" sizes=\"(max-width: 768px) 100vw, 768px\" \/><\/a><\/figure>\n\n\n\n<figure class=\"wp-block-image size-large\"><a href=\"https:\/\/www.ksv-johannisthal.de\/wp-content\/uploads\/2026\/04\/8A5B460C-B4E8-4B0B-9405-848DD9701125.jpeg\"><img loading=\"lazy\" decoding=\"async\" width=\"1024\" height=\"768\" data-id=\"18426\" src=\"https:\/\/www.ksv-johannisthal.de\/wp-content\/uploads\/2026\/04\/8A5B460C-B4E8-4B0B-9405-848DD9701125-1024x768.jpeg\" alt=\"\" class=\"wp-image-18426\" srcset=\"https:\/\/www.ksv-johannisthal.de\/wp-content\/uploads\/2026\/04\/8A5B460C-B4E8-4B0B-9405-848DD9701125-1024x768.jpeg 1024w, https:\/\/www.ksv-johannisthal.de\/wp-content\/uploads\/2026\/04\/8A5B460C-B4E8-4B0B-9405-848DD9701125-300x225.jpeg 300w, https:\/\/www.ksv-johannisthal.de\/wp-content\/uploads\/2026\/04\/8A5B460C-B4E8-4B0B-9405-848DD9701125-768x576.jpeg 768w, https:\/\/www.ksv-johannisthal.de\/wp-content\/uploads\/2026\/04\/8A5B460C-B4E8-4B0B-9405-848DD9701125-1536x1152.jpeg 1536w, https:\/\/www.ksv-johannisthal.de\/wp-content\/uploads\/2026\/04\/8A5B460C-B4E8-4B0B-9405-848DD9701125.jpeg 1600w\" sizes=\"(max-width: 1024px) 100vw, 1024px\" \/><\/a><\/figure>\n<\/figure>\n\n\n\n<p>.<\/p>\n\n\n\n<p>\u2026Und f\u00fcr Nostalgiker. So sah es ziemlich exakt vor 4 Jahren aus:<\/p>\n\n\n\n<p>.<\/p>\n\n\n\n<figure class=\"wp-block-image\"><a href=\"https:\/\/www.ksv-johannisthal.de\/wp-content\/uploads\/2026\/04\/F16DE4A7-E2D7-45A3-BF4B-453739224563.jpeg\"><img loading=\"lazy\" decoding=\"async\" width=\"1024\" height=\"768\" src=\"https:\/\/www.ksv-johannisthal.de\/wp-content\/uploads\/2026\/04\/F16DE4A7-E2D7-45A3-BF4B-453739224563-1024x768.jpeg\" alt=\"\" class=\"wp-image-18434\" srcset=\"https:\/\/www.ksv-johannisthal.de\/wp-content\/uploads\/2026\/04\/F16DE4A7-E2D7-45A3-BF4B-453739224563-1024x768.jpeg 1024w, https:\/\/www.ksv-johannisthal.de\/wp-content\/uploads\/2026\/04\/F16DE4A7-E2D7-45A3-BF4B-453739224563-300x225.jpeg 300w, https:\/\/www.ksv-johannisthal.de\/wp-content\/uploads\/2026\/04\/F16DE4A7-E2D7-45A3-BF4B-453739224563-768x576.jpeg 768w, https:\/\/www.ksv-johannisthal.de\/wp-content\/uploads\/2026\/04\/F16DE4A7-E2D7-45A3-BF4B-453739224563-1536x1152.jpeg 1536w, https:\/\/www.ksv-johannisthal.de\/wp-content\/uploads\/2026\/04\/F16DE4A7-E2D7-45A3-BF4B-453739224563.jpeg 2016w\" sizes=\"(max-width: 1024px) 100vw, 1024px\" \/><\/a><\/figure>\n\n\n\n<p>.<\/p>\n\n\n\n<p>11:40 Yeah!<\/p>\n\n\n\n<p>In einem, von Kampfgeist und Willen gepr\u00e4gten Spiel holen wir ein 1:1 gegen den Turnier- Favoriten. Wer das ist, will Tino nicht verraten\u2026<\/p>\n\n\n\n<figure class=\"wp-block-image\"><a href=\"https:\/\/www.ksv-johannisthal.de\/wp-content\/uploads\/2026\/04\/19C76DD3-32A7-4851-B187-4B50A3175578.jpeg\"><img loading=\"lazy\" decoding=\"async\" width=\"1024\" height=\"768\" src=\"https:\/\/www.ksv-johannisthal.de\/wp-content\/uploads\/2026\/04\/19C76DD3-32A7-4851-B187-4B50A3175578-1024x768.jpeg\" alt=\"\" class=\"wp-image-18419\" srcset=\"https:\/\/www.ksv-johannisthal.de\/wp-content\/uploads\/2026\/04\/19C76DD3-32A7-4851-B187-4B50A3175578-1024x768.jpeg 1024w, https:\/\/www.ksv-johannisthal.de\/wp-content\/uploads\/2026\/04\/19C76DD3-32A7-4851-B187-4B50A3175578-300x225.jpeg 300w, https:\/\/www.ksv-johannisthal.de\/wp-content\/uploads\/2026\/04\/19C76DD3-32A7-4851-B187-4B50A3175578-768x576.jpeg 768w, https:\/\/www.ksv-johannisthal.de\/wp-content\/uploads\/2026\/04\/19C76DD3-32A7-4851-B187-4B50A3175578-1536x1152.jpeg 1536w, https:\/\/www.ksv-johannisthal.de\/wp-content\/uploads\/2026\/04\/19C76DD3-32A7-4851-B187-4B50A3175578.jpeg 1600w\" sizes=\"(max-width: 1024px) 100vw, 1024px\" \/><\/a><\/figure>\n\n\n\n<p><\/p>\n\n\n\n<p>.<\/p>\n\n\n\n<p>10:30 b\u00f6se, b\u00f6se:\u00a0<\/p>\n\n\n\n<p>Tino tickert: Leider 3:1 Niederlage gegen eine starke Mannschaft von Ciprex Prag. Laune deswegen mies? N\u00f6!<\/p>\n\n\n\n<figure class=\"wp-block-image\"><a href=\"https:\/\/www.ksv-johannisthal.de\/wp-content\/uploads\/2026\/04\/Screenshot_20260425_111218_Messages.jpg\"><img loading=\"lazy\" decoding=\"async\" width=\"2340\" height=\"1080\" src=\"https:\/\/www.ksv-johannisthal.de\/wp-content\/uploads\/2026\/04\/Screenshot_20260425_111218_Messages.jpg\" alt=\"\" class=\"wp-image-18415\" srcset=\"https:\/\/www.ksv-johannisthal.de\/wp-content\/uploads\/2026\/04\/Screenshot_20260425_111218_Messages.jpg 2340w, https:\/\/www.ksv-johannisthal.de\/wp-content\/uploads\/2026\/04\/Screenshot_20260425_111218_Messages-300x138.jpg 300w, https:\/\/www.ksv-johannisthal.de\/wp-content\/uploads\/2026\/04\/Screenshot_20260425_111218_Messages-1024x473.jpg 1024w, https:\/\/www.ksv-johannisthal.de\/wp-content\/uploads\/2026\/04\/Screenshot_20260425_111218_Messages-768x354.jpg 768w, https:\/\/www.ksv-johannisthal.de\/wp-content\/uploads\/2026\/04\/Screenshot_20260425_111218_Messages-1536x709.jpg 1536w, https:\/\/www.ksv-johannisthal.de\/wp-content\/uploads\/2026\/04\/Screenshot_20260425_111218_Messages-2048x945.jpg 2048w\" sizes=\"(max-width: 2340px) 100vw, 2340px\" \/><\/a><\/figure>\n\n\n\n<p>.<\/p>\n\n\n\n<p>09:45 Auftaktsieg!!!<\/p>\n\n\n\n<p>Die Altherren von Pausa haben gleich mal zu schmecken bekommen, dass der KSV eine prima linke F\u00fchrhand und einen tollen rechten Aufw\u00e4rtshaken im Programm hat. 2:1 f\u00fcr KSV, weiter, weiter!!!<\/p>\n\n\n\n<p>.<\/p>\n\n\n\n<figure class=\"wp-block-image\"><a href=\"https:\/\/www.ksv-johannisthal.de\/wp-content\/uploads\/2026\/04\/3A6A6A9F-2795-457B-BA64-EB2EB922176F.jpeg\"><img loading=\"lazy\" decoding=\"async\" width=\"876\" height=\"854\" src=\"https:\/\/www.ksv-johannisthal.de\/wp-content\/uploads\/2026\/04\/3A6A6A9F-2795-457B-BA64-EB2EB922176F.jpeg\" alt=\"\" class=\"wp-image-18408\" srcset=\"https:\/\/www.ksv-johannisthal.de\/wp-content\/uploads\/2026\/04\/3A6A6A9F-2795-457B-BA64-EB2EB922176F.jpeg 876w, https:\/\/www.ksv-johannisthal.de\/wp-content\/uploads\/2026\/04\/3A6A6A9F-2795-457B-BA64-EB2EB922176F-300x292.jpeg 300w, https:\/\/www.ksv-johannisthal.de\/wp-content\/uploads\/2026\/04\/3A6A6A9F-2795-457B-BA64-EB2EB922176F-768x749.jpeg 768w\" sizes=\"(max-width: 876px) 100vw, 876px\" \/><\/a><\/figure>\n\n\n\n<p>.<\/p>\n\n\n\n<p><mark>25.04.2026 WM Ticker<\/mark><\/p>\n\n\n\n<p>Altherren WM?! Nur mit dem KSV. Auslandskorrespondent Tino Meister versorgt uns sekundenaktuell mit den Geschehnissen in Prag.<\/p>\n\n\n\n<p><em>Hier die KSV Delegation bei der abschlie\u00dfenden Teambesprechung und beim Bunkern von Kohlehydraten und Elektrolyten. F\u00fcr die maximale Performance auf dem Platz will man ja in der Vorbereitung nichts unversucht lassen;-)<\/em><\/p>\n\n\n\n<figure class=\"wp-block-gallery has-nested-images columns-default is-cropped wp-block-gallery-3 is-layout-flex wp-block-gallery-is-layout-flex\">\n<figure class=\"wp-block-image size-large\"><a href=\"https:\/\/www.ksv-johannisthal.de\/wp-content\/uploads\/2026\/04\/A3425C58-3B53-476D-9DC0-C0C81D7C1439.jpeg\"><img loading=\"lazy\" decoding=\"async\" width=\"1024\" height=\"768\" data-id=\"18389\" src=\"https:\/\/www.ksv-johannisthal.de\/wp-content\/uploads\/2026\/04\/A3425C58-3B53-476D-9DC0-C0C81D7C1439-1024x768.jpeg\" alt=\"\" class=\"wp-image-18389\" srcset=\"https:\/\/www.ksv-johannisthal.de\/wp-content\/uploads\/2026\/04\/A3425C58-3B53-476D-9DC0-C0C81D7C1439-1024x768.jpeg 1024w, https:\/\/www.ksv-johannisthal.de\/wp-content\/uploads\/2026\/04\/A3425C58-3B53-476D-9DC0-C0C81D7C1439-300x225.jpeg 300w, https:\/\/www.ksv-johannisthal.de\/wp-content\/uploads\/2026\/04\/A3425C58-3B53-476D-9DC0-C0C81D7C1439-768x576.jpeg 768w, https:\/\/www.ksv-johannisthal.de\/wp-content\/uploads\/2026\/04\/A3425C58-3B53-476D-9DC0-C0C81D7C1439-1536x1152.jpeg 1536w, https:\/\/www.ksv-johannisthal.de\/wp-content\/uploads\/2026\/04\/A3425C58-3B53-476D-9DC0-C0C81D7C1439.jpeg 1600w\" sizes=\"(max-width: 1024px) 100vw, 1024px\" \/><\/a><\/figure>\n\n\n\n<figure class=\"wp-block-image size-large\"><a href=\"https:\/\/www.ksv-johannisthal.de\/wp-content\/uploads\/2026\/04\/D9EB9452-9EDD-44D3-AC93-B36D9E71F5BF.jpeg\"><img loading=\"lazy\" decoding=\"async\" width=\"1024\" height=\"768\" data-id=\"18388\" src=\"https:\/\/www.ksv-johannisthal.de\/wp-content\/uploads\/2026\/04\/D9EB9452-9EDD-44D3-AC93-B36D9E71F5BF-1024x768.jpeg\" alt=\"\" class=\"wp-image-18388\" srcset=\"https:\/\/www.ksv-johannisthal.de\/wp-content\/uploads\/2026\/04\/D9EB9452-9EDD-44D3-AC93-B36D9E71F5BF-1024x768.jpeg 1024w, https:\/\/www.ksv-johannisthal.de\/wp-content\/uploads\/2026\/04\/D9EB9452-9EDD-44D3-AC93-B36D9E71F5BF-300x225.jpeg 300w, https:\/\/www.ksv-johannisthal.de\/wp-content\/uploads\/2026\/04\/D9EB9452-9EDD-44D3-AC93-B36D9E71F5BF-768x576.jpeg 768w, https:\/\/www.ksv-johannisthal.de\/wp-content\/uploads\/2026\/04\/D9EB9452-9EDD-44D3-AC93-B36D9E71F5BF-1536x1152.jpeg 1536w, https:\/\/www.ksv-johannisthal.de\/wp-content\/uploads\/2026\/04\/D9EB9452-9EDD-44D3-AC93-B36D9E71F5BF.jpeg 1600w\" sizes=\"(max-width: 1024px) 100vw, 1024px\" \/><\/a><\/figure>\n\n\n\n<figure class=\"wp-block-image size-large\"><a href=\"https:\/\/www.ksv-johannisthal.de\/wp-content\/uploads\/2026\/04\/FA129D29-9FF0-46F8-9E32-C6D269CD8BDA.jpeg\"><img loading=\"lazy\" decoding=\"async\" width=\"768\" height=\"1024\" data-id=\"18387\" src=\"https:\/\/www.ksv-johannisthal.de\/wp-content\/uploads\/2026\/04\/FA129D29-9FF0-46F8-9E32-C6D269CD8BDA-768x1024.jpeg\" alt=\"\" class=\"wp-image-18387\" srcset=\"https:\/\/www.ksv-johannisthal.de\/wp-content\/uploads\/2026\/04\/FA129D29-9FF0-46F8-9E32-C6D269CD8BDA-768x1024.jpeg 768w, https:\/\/www.ksv-johannisthal.de\/wp-content\/uploads\/2026\/04\/FA129D29-9FF0-46F8-9E32-C6D269CD8BDA-225x300.jpeg 225w, https:\/\/www.ksv-johannisthal.de\/wp-content\/uploads\/2026\/04\/FA129D29-9FF0-46F8-9E32-C6D269CD8BDA-1152x1536.jpeg 1152w, https:\/\/www.ksv-johannisthal.de\/wp-content\/uploads\/2026\/04\/FA129D29-9FF0-46F8-9E32-C6D269CD8BDA.jpeg 1200w\" sizes=\"(max-width: 768px) 100vw, 768px\" \/><\/a><\/figure>\n<\/figure>\n\n\n\n<p>.<\/p>\n\n\n\n<p><\/p>\n\n\n\n<p><\/p>\n","protected":false},"excerpt":{"rendered":"<p>. Die Pragreise hat mal wieder einige Bl\u00fcten produziert, die wir in Bild und \u201aTon\u2018 wiedergeben. Weiter unten ist ein Liveticker zu finden. Hier aber eine wunderbare Sweet Girls und Bad Boys Compilation. Herrlich!-) . . . . . 25.04.2026 WM Ticker und so\u00a0 . 14:00 Der Pott geht nach Berlin Tino tickert und die [&hellip;]<\/p>\n","protected":false},"author":2,"featured_media":0,"parent":0,"menu_order":0,"comment_status":"closed","ping_status":"closed","template":"","meta":{"footnotes":""},"class_list":["post-18471","page","type-page","status-publish","hentry"],"_links":{"self":[{"href":"https:\/\/www.ksv-johannisthal.de\/index.php?rest_route=\/wp\/v2\/pages\/18471"}],"collection":[{"href":"https:\/\/www.ksv-johannisthal.de\/index.php?rest_route=\/wp\/v2\/pages"}],"about":[{"href":"https:\/\/www.ksv-johannisthal.de\/index.php?rest_route=\/wp\/v2\/types\/page"}],"author":[{"embeddable":true,"href":"https:\/\/www.ksv-johannisthal.de\/index.php?rest_route=\/wp\/v2\/users\/2"}],"replies":[{"embeddable":true,"href":"https:\/\/www.ksv-johannisthal.de\/index.php?rest_route=%2Fwp%2Fv2%2Fcomments&post=18471"}],"version-history":[{"count":10,"href":"https:\/\/www.ksv-johannisthal.de\/index.php?rest_route=\/wp\/v2\/pages\/18471\/revisions"}],"predecessor-version":[{"id":18473,"href":"https:\/\/www.ksv-johannisthal.de\/index.php?rest_route=\/wp\/v2\/pages\/18471\/revisions\/18473"}],"wp:attachment":[{"href":"https:\/\/www.ksv-johannisthal.de\/index.php?rest_route=%2Fwp%2Fv2%2Fmedia&parent=18471"}],"curies":[{"name":"wp","href":"https:\/\/api.w.org\/{rel}","templated":true}]}}