{"id":592,"date":"2013-06-07T17:04:15","date_gmt":"2013-06-07T15:04:15","guid":{"rendered":"http:\/\/www.ksv-johannisthal.de\/?page_id=592"},"modified":"2026-04-05T17:16:14","modified_gmt":"2026-04-05T15:16:14","slug":"592-2","status":"publish","type":"page","link":"https:\/\/www.ksv-johannisthal.de\/?page_id=592","title":{"rendered":"FC Hollywood"},"content":{"rendered":"<h2><img loading=\"lazy\" decoding=\"async\" class=\"aligncenter wp-image-13097\" src=\"https:\/\/www.ksv-johannisthal.de\/wp-content\/uploads\/2024\/02\/5F555A4E-6AE0-4DA5-99C2-CFFFCBA30F30-300x189.jpeg\" alt=\"\" width=\"800\" height=\"504\" srcset=\"https:\/\/www.ksv-johannisthal.de\/wp-content\/uploads\/2024\/02\/5F555A4E-6AE0-4DA5-99C2-CFFFCBA30F30-300x189.jpeg 300w, https:\/\/www.ksv-johannisthal.de\/wp-content\/uploads\/2024\/02\/5F555A4E-6AE0-4DA5-99C2-CFFFCBA30F30-1024x645.jpeg 1024w, https:\/\/www.ksv-johannisthal.de\/wp-content\/uploads\/2024\/02\/5F555A4E-6AE0-4DA5-99C2-CFFFCBA30F30-768x484.jpeg 768w, https:\/\/www.ksv-johannisthal.de\/wp-content\/uploads\/2024\/02\/5F555A4E-6AE0-4DA5-99C2-CFFFCBA30F30.jpeg 1240w\" sizes=\"(max-width: 800px) 100vw, 800px\" \/><\/h2>\n<h2>\u00a0<\/h2>\n<h2><img loading=\"lazy\" decoding=\"async\" class=\"wp-image-13092 size-full alignright\" src=\"https:\/\/www.ksv-johannisthal.de\/wp-content\/uploads\/2024\/02\/B8C37612-96BC-4F74-9FBC-E94FD97A9979.png\" alt=\"\" width=\"100\" height=\"128\" \/><\/h2>\n<h2>\u00a0<\/h2>\n<h2><a href=\"https:\/\/unionliga.fafooma.de\/tabellen-1-2.html\"><span style=\"color: #ff0000;\">Saison <\/span><span style=\"color: #ff0000;\">2025\/2026<\/span><span style=\"color: #ff0000;\"> Tabelle 2.Liga<\/span><\/a><\/h2>\n<h2><a href=\"https:\/\/unionliga.fafooma.de\/liga-1-2-0-0.html\"><span style=\"color: #ff0000;\">Sp<\/span><span style=\"color: #ff0000;\">ielplan <\/span><span style=\"color: #ff0000;\">2.Liga<\/span><\/a><\/h2>\n<h2>\u00a0<\/h2>\n<h2>\u00a0<\/h2>\n<p>&#8230;&#8230;&#8230;&#8230;&#8230;&#8230;&#8230;&#8230;&#8230;&#8230;&#8230;&#8230;&#8230;&#8230;&#8230;&#8230;&#8230;&#8230;&#8230;&#8230;&#8230;&#8230;&#8230;&#8230;&#8230;&#8230;&#8230;&#8230;<\/p>\n\n\n<p class=\"has-large-font-size\"><\/p>\n\n\n\n<p>.<\/p>\n\n\n\n<p class=\"has-medium-font-size\"><mark>1. April 2026 Theo kauft ein Stadion<\/mark><\/p>\n\n\n\n<p style=\"font-size:17px;letter-spacing:0.6px\">Nach seiner 5 Scorerpunkt Gala letzter Woche, ist Theo auch gestern gegen die \u201eEiserne Kirschkolonne\u201c der Brustl\u00f6ser. Gegen Ende einer sehr bem\u00fchten ersten Halbzeit schn\u00fcrt er im Stile eines Topst\u00fcrmers binnen Sekunden einen Doppelpack und ebnet den Weg zum sp\u00e4teren 5:2 Endstand.<\/p>\n\n\n\n<p style=\"font-size:17px;letter-spacing:0.6px\">Seltsam verhaltener Jubel jedoch in Halbzeit Zwo, als Theo nachlegt und damit auf 6 Tore in einer Woche hochschraubt. Als Theo jubelnd Richtung Trib\u00fcne abdreht, mustern ihn seine Teammates verstohlen. Alle!<\/p>\n\n\n\n<p style=\"font-size:17px;letter-spacing:0.6px\">Liegt es an den Schuhen, dem neuen Bartschnitt oder ist das garnicht Theo, sondern sein Zwillingsbruder, den er bisher unter Verschluss hielt?<\/p>\n\n\n\n<p style=\"font-size:17px;letter-spacing:0.6px\">Aber nein und warum habt ihr Bernds Worten nicht geglaubt, der seit einiger Zeit mantraartig wiederholt, so auch gestern vor dem Spiel: \u201eLasst Theo in Ruhe reifen. Der Junge kommt auf Strecke und wird uns noch viel Freude bereiten!\u201c<\/p>\n\n\n\n<p style=\"font-size:17px;letter-spacing:0.6px\">So ist es und Theo pl\u00f6tzlich die Torj\u00e4gersensation, in einem Atemzug mit Gy\u00f6keres und so. Nun laufen jedenfalls die Transferger\u00fcchte hei\u00df und derweilen Theo bei allen gro\u00dfen Adressen auf dem Zettel steht, tr\u00e4umt Manager Maxe davon, mit dem Millionenerl\u00f6s am Bruno-B\u00fcrgel-Weg f\u00fcr Hollywood ein Schmuckk\u00e4stchen erbauen zu lassen. F\u00fcr 5, nein 8 Tausend Zuschauer. Man g\u00f6nnt sich ja sonst nichts\u2026.<\/p>\n\n\n\n<p style=\"font-size:17px;letter-spacing:0.6px\">P.S. Hollywood ewig jung! Nach schwierigem Start in der h\u00f6heren Liga, erlebt der FC passend zur Jahreszeit seinen gef\u00fchlt siebten Fr\u00fchling, Dank Theo, Dank Neuzug\u00e4ngen wie Edgar, Paul und Co. und Dank allen jenen, die bei Hollywood schon immer die Knochen hingehalten haben. So singen wir also schmetternd gemeinsam die FC Vereinshymne: \u201eFor ever young,\u2026!\u201c<\/p>\n\n\n\n<p style=\"font-size:17px;letter-spacing:0.6px\">Ein Fan<\/p>\n\n\n\n<p style=\"font-size:17px;letter-spacing:0.6px\">.<\/p>\n\n\n\n<p class=\"has-large-font-size\"><mark><br>20.07.2025 Aufstieg zweiter Klasse?<\/mark><\/p>\n\n\n\n<p>Die Unionligaversammlung gestern Abend hat Hollywoods Aufstieg fix gemacht. Weil sich die gesamte Unionliga wieder auf drei statt vier Ligen verschlankt, darf in diesem Jahr der FC auch von seinem zweiten Tabellenplatz aus den Sprung in die h\u00f6here Liga wagen.<\/p>\n\n\n\n<p>Schm\u00e4lert es die Meriten unser Hollywoodhelden, wenn sie quasi \u00fcber den gr\u00fcnen Tisch hochgezogen werden?&nbsp;<br>Keineswegs! Platz eins war ohnehin an die blutjungen Himmelsst\u00fcrmer von Traktor Tresensport vergeben, die mit ihrem riesigen Topkader alles \u00fcberrannten und gewannen, inklusive Pokal, bei einem absurden Torverh\u00e4ltnis von plus EIINHUNDERTNEUNUNDZWANZIG Toren.<\/p>\n\n\n\n<p>Hollywood hingegen war mit dem Handicap von 2 Minuspunkten in die Saison gestartet und hat sich dank einer b\u00e4renstarken R\u00fcckrunde im Zitterfinale die Eiserner Ritter und die Chaoten vom Leibe gehalten und somit den Rest der Liga dominiert.<\/p>\n\n\n\n<p>Juchheissa und EISERN! Hollywood zementiert seinen Ruf als unkaputtbar und als schwindelfreie Fahrstuhltruppe. Nach Einstieg in das Unionligageschehen 2009 zeitigen die Hollywoodistas den mittlerweile sechsten Auf- bzw. Abstieg. F\u00fcr die ewigen Helden Maxe, Matthies, Daniel, Marco, Running, Micha, Philipp war von 1. bis 3. Liga alles dabei und einmal sogar ein Pokalhalbfinale, das nach zwischenzeitlicher F\u00fchrung erst sp\u00e4t verloren wurde.<\/p>\n\n\n\n<p>Nun also wieder 2. Unionliga mit neuen Stars wie Mario, Edgar, Phil etc. und diesmal darf es gerne auch mal ein Finale werden.&nbsp;<\/p>\n\n\n\n<p>Auf, auf also zu frischen Taten!<\/p>\n\n\n\n<p>Was wird helfen bei den neuen Herausforderungen? Na, Training, Training, Training. Wir sehen uns n\u00e4chsten Dienstag.<\/p>\n\n\n\n<p>ALLE!<\/p>\n\n\n\n<p>.<\/p>\n\n\n\n<p>.<\/p>\n\n\n\n<p class=\"has-large-font-size\"><br><mark>01.07.2025 Jawolla!<\/mark><\/p>\n\n\n\n<figure class=\"wp-block-image\"><a href=\"https:\/\/www.ksv-johannisthal.de\/wp-content\/uploads\/2025\/07\/20250630_201449-scaled.jpg\"><img loading=\"lazy\" decoding=\"async\" width=\"2560\" height=\"1920\" src=\"https:\/\/www.ksv-johannisthal.de\/wp-content\/uploads\/2025\/07\/20250630_201449-scaled.jpg\" alt=\"\" class=\"wp-image-16621\" srcset=\"https:\/\/www.ksv-johannisthal.de\/wp-content\/uploads\/2025\/07\/20250630_201449-scaled.jpg 2560w, https:\/\/www.ksv-johannisthal.de\/wp-content\/uploads\/2025\/07\/20250630_201449-300x225.jpg 300w, https:\/\/www.ksv-johannisthal.de\/wp-content\/uploads\/2025\/07\/20250630_201449-1024x768.jpg 1024w, https:\/\/www.ksv-johannisthal.de\/wp-content\/uploads\/2025\/07\/20250630_201449-768x576.jpg 768w, https:\/\/www.ksv-johannisthal.de\/wp-content\/uploads\/2025\/07\/20250630_201449-1536x1152.jpg 1536w, https:\/\/www.ksv-johannisthal.de\/wp-content\/uploads\/2025\/07\/20250630_201449-2048x1536.jpg 2048w\" sizes=\"(max-width: 2560px) 100vw, 2560px\" \/><\/a><\/figure>\n\n\n\n<p><em>Hollywood auf dem Gel\u00e4nde von VSG vor dem letzten Spiel der Saison 2024\/2025. Matthies hat sinnigerweise schon auf Sturm gestellt\u2026<\/em><\/p>\n\n\n\n<p>Jawolla! Bei wundersch\u00f6nstem Sonnenschein zeigen sich Maxe und seine starken M\u00e4nner gestern in bestechender R\u00fcckrundenform und besiegen \u201aDie Eisernen\u2018 in einen engem Spiel mit 5:3. Damit sind die Hausaufgaben gemacht. Vorl\u00e4ufig Platz 2 gesichert, einen direkten Konkurrenten vom Leibe gehalten und nochmal etwas f\u00fcr das ohnehin gute Torverh\u00e4ltnis gemacht. Aufstieg? F\u00fcr manche Teams aus der oberen Tabellenregion ist die Saison noch nicht beendet. Man wird sehen!<\/p>\n\n\n\n<p>Chapeau Jungs und Respekt f\u00fcr eure Saisonleistung, ein Fan!<\/p>\n\n\n\n<p class=\"has-large-font-size\">.<\/p>\n\n\n\n<p class=\"has-medium-font-size\">28.01.2025  Totgesagte leben l\u00e4nger!<\/p>\n\n\n\n<p>&nbsp;<\/p>\n\n\n\n<p><a href=\"https:\/\/www.ksv-johannisthal.de\/wp-content\/uploads\/2025\/01\/20250128_183446-scaled.jpg\"><img loading=\"lazy\" decoding=\"async\" width=\"2560\" height=\"1920\" class=\"wp-image-15796\" src=\"https:\/\/www.ksv-johannisthal.de\/wp-content\/uploads\/2025\/01\/20250128_183446-scaled.jpg\" alt=\"\" srcset=\"https:\/\/www.ksv-johannisthal.de\/wp-content\/uploads\/2025\/01\/20250128_183446-scaled.jpg 2560w, https:\/\/www.ksv-johannisthal.de\/wp-content\/uploads\/2025\/01\/20250128_183446-300x225.jpg 300w, https:\/\/www.ksv-johannisthal.de\/wp-content\/uploads\/2025\/01\/20250128_183446-1024x768.jpg 1024w, https:\/\/www.ksv-johannisthal.de\/wp-content\/uploads\/2025\/01\/20250128_183446-768x576.jpg 768w, https:\/\/www.ksv-johannisthal.de\/wp-content\/uploads\/2025\/01\/20250128_183446-1536x1152.jpg 1536w, https:\/\/www.ksv-johannisthal.de\/wp-content\/uploads\/2025\/01\/20250128_183446-2048x1536.jpg 2048w\" sizes=\"(max-width: 2560px) 100vw, 2560px\" \/><\/a><\/p>\n\n\n\n<p class=\"has-small-font-size\">Totgesagte leben l\u00e4nger!?<\/p>\n\n\n\n<p class=\"has-small-font-size\">Im letzten Herbst waren die Klageges\u00e4nge \u00fcber das nahe Ableben des ruhmreichen FC Hollywood schon angestimmt und nur das beherzte Veto einiger Unerm\u00fcdlicher konnte Maxe davon abhalten sein Schippchen Erde auf den schon ins Grab gelassenen FC zu werfen.<\/p>\n\n\n\n<p>M\u00fchsam so zur\u00fcck ins Leben geholt, d\u00fcmpelte Hollywood nun trotz downgrade in die dritte Liga durch die neue Saison und mit nur einem P\u00fcnktchen bislang auf dem letzten Tabellenplatz. Also doch Ende der Fahnenstange?<\/p>\n\n\n\n<p>Wohl nicht! Mit gro\u00dfem Aufgebot, reichlich Vitamin E wie Edgar und einem reanimierten Philip gab es heute Abend auf heimischem Gel\u00e4uf einen nie gef\u00e4hrdeten 5:1 Sieg \u00fcber &#8222;Die Eisernen&#8220;. Tore durch die einschl\u00e4gig Vorverd\u00e4chtigten Edgar, Mario, Daniel und das Eigentor zum 5:1 erzwang Philip.<\/p>\n\n\n\n<p>Horrido und Vivat! Geht doch!<\/p>\n\n\n\n<p>.<\/p>\n\n\n\n<p>.<\/p>\n\n\n<p>&nbsp;<\/p>\n<h2><span style=\"color: #ff0000;\">28.07.2024 Abstieg!!! Wie das Leben so spielt&#8230;<br \/><\/span><\/h2>\n<p>&#8230;mal verliert man, mal gewinnen die Anderen!<\/p>\n<p>Noch akzeptabel in die Saison 23\/24 gestartet, m\u00fchten sich die Hollywoodista je l\u00e4nger desto mehr duch die 2. Liga. Zu gewinnen gab es wenig, immerhin aber die Erkenntnis, dass Punkte am gr\u00fcnen Tisch, wie der geschenkte Gaul sind, dem man eigentlich nicht ins Maul schaut. Hollywood schaute aber, verga\u00df dabei das Geschenk anzunehmen und vergab so die n\u00f6tigen zwei Punkte gegen den Abstieg. Also ging die Saison mit ehrlichen 8 Punkten (bei Minus 30 Toren&#8230;) zu Ende und angesichts dessen, dass Hollywood mittlerweile die Oldies der Liga stellen, mag die 3. Liga f\u00fcrderhin auch reichen.<\/p>\n<p>P.S. Hier ein Tabellenbild f\u00fcr Nostalgiker. Hollywood in seinen besten Tagen. Tja, damals gab es noch plus 31 Tore. A long time ago!<\/p>\n<p><strong>Die Abschlusstabelle der Saison 2011 &#8211; 2012. 2. Union Liga, Staffel B<\/strong><\/p>\n<p><img loading=\"lazy\" decoding=\"async\" class=\"aligncenter wp-image-13662\" src=\"https:\/\/www.ksv-johannisthal.de\/wp-content\/uploads\/2024\/08\/Hollywood-2012-e1722752341837-300x94.png\" alt=\"\" width=\"600\" height=\"187\" srcset=\"https:\/\/www.ksv-johannisthal.de\/wp-content\/uploads\/2024\/08\/Hollywood-2012-e1722752341837-300x94.png 300w, https:\/\/www.ksv-johannisthal.de\/wp-content\/uploads\/2024\/08\/Hollywood-2012-e1722752341837-1024x320.png 1024w, https:\/\/www.ksv-johannisthal.de\/wp-content\/uploads\/2024\/08\/Hollywood-2012-e1722752341837-768x240.png 768w, https:\/\/www.ksv-johannisthal.de\/wp-content\/uploads\/2024\/08\/Hollywood-2012-e1722752341837.png 1207w\" sizes=\"(max-width: 600px) 100vw, 600px\" \/><\/p>\n<p>.<\/p>\n<p>&#8230;&#8230;&#8230;&#8230;&#8230;&#8230;&#8230;&#8230;&#8230;&#8230;&#8230;&#8230;&#8230;&#8230;&#8230;&#8230;&#8230;&#8230;&#8230;&#8230;&#8230;&#8230;&#8230;&#8230;&#8230;&#8230;&#8230;&#8230;.<\/p>\n<p>.<\/p>\n<h2><strong><span style=\"color: #ff0000;\">30.06.2023 Aufstieg!!! Yeah Baby!<\/span><\/strong><\/h2>\n<p><img loading=\"lazy\" decoding=\"async\" class=\"aligncenter wp-image-11750\" src=\"https:\/\/www.ksv-johannisthal.de\/wp-content\/uploads\/2023\/06\/8DD73121-704A-44E8-80CE-67F0CF972C18-300x225.jpeg\" alt=\"\" width=\"1000\" height=\"750\" srcset=\"https:\/\/www.ksv-johannisthal.de\/wp-content\/uploads\/2023\/06\/8DD73121-704A-44E8-80CE-67F0CF972C18-300x225.jpeg 300w, https:\/\/www.ksv-johannisthal.de\/wp-content\/uploads\/2023\/06\/8DD73121-704A-44E8-80CE-67F0CF972C18-1024x768.jpeg 1024w, https:\/\/www.ksv-johannisthal.de\/wp-content\/uploads\/2023\/06\/8DD73121-704A-44E8-80CE-67F0CF972C18-768x576.jpeg 768w, https:\/\/www.ksv-johannisthal.de\/wp-content\/uploads\/2023\/06\/8DD73121-704A-44E8-80CE-67F0CF972C18-1536x1152.jpeg 1536w, https:\/\/www.ksv-johannisthal.de\/wp-content\/uploads\/2023\/06\/8DD73121-704A-44E8-80CE-67F0CF972C18-2048x1536.jpeg 2048w\" sizes=\"(max-width: 1000px) 100vw, 1000px\" \/><\/p>\n<p>Den Aufstieg schon seit einer Woche unter Dach und Fach siegte Hollywood im letzten Saisonspiel 4:2 bei den Eisernen Rittern in Falkenberg. So sahen 2023 Sieger aus&#8230;!<\/p>\n<p>.<\/p>\n<p>.<\/p>\n<div id=\"attachment_6422\" style=\"width: 834px\" class=\"wp-caption aligncenter\"><a href=\"http:\/\/www.ksv-johannisthal.de\/wp-content\/uploads\/2019\/04\/IMG_1681.jpg\"><img loading=\"lazy\" decoding=\"async\" aria-describedby=\"caption-attachment-6422\" class=\"wp-image-6422\" src=\"http:\/\/www.ksv-johannisthal.de\/wp-content\/uploads\/2019\/04\/IMG_1681-1024x678.jpg\" alt=\"FC Hollywood in neuer Frische im April 2019. Es fehlen leider Matthies und Daniel\" width=\"824\" height=\"545\" srcset=\"https:\/\/www.ksv-johannisthal.de\/wp-content\/uploads\/2019\/04\/IMG_1681-1024x678.jpg 1024w, https:\/\/www.ksv-johannisthal.de\/wp-content\/uploads\/2019\/04\/IMG_1681-300x199.jpg 300w, https:\/\/www.ksv-johannisthal.de\/wp-content\/uploads\/2019\/04\/IMG_1681-768x508.jpg 768w, https:\/\/www.ksv-johannisthal.de\/wp-content\/uploads\/2019\/04\/IMG_1681.jpg 1778w\" sizes=\"(max-width: 824px) 100vw, 824px\" \/><\/a><p id=\"caption-attachment-6422\" class=\"wp-caption-text\">FC Hollywood in neuer Frische im April 2019. Es fehlen noch Matthies, Uwe, Micha, Daniel, Kevin und Lutze<\/p><\/div>\n<p>.<\/p>\n<div id=\"attachment_3883\" style=\"width: 834px\" class=\"wp-caption aligncenter\"><a href=\"http:\/\/www.ksv-johannisthal.de\/wp-content\/uploads\/2013\/06\/Mannschaftsfoto-komprimiert.jpg\"><img loading=\"lazy\" decoding=\"async\" aria-describedby=\"caption-attachment-3883\" class=\"wp-image-3883\" src=\"http:\/\/www.ksv-johannisthal.de\/wp-content\/uploads\/2013\/06\/Mannschaftsfoto-komprimiert.jpg\" alt=\"Hollywood im Fr\u00fchsommer 2015. Auf dem Bild fehlen Chris, Neuge und Tramfahrer Lutze. \" width=\"824\" height=\"547\" srcset=\"https:\/\/www.ksv-johannisthal.de\/wp-content\/uploads\/2013\/06\/Mannschaftsfoto-komprimiert.jpg 1024w, https:\/\/www.ksv-johannisthal.de\/wp-content\/uploads\/2013\/06\/Mannschaftsfoto-komprimiert-300x199.jpg 300w\" sizes=\"(max-width: 824px) 100vw, 824px\" \/><\/a><p id=\"caption-attachment-3883\" class=\"wp-caption-text\">Und das war Hollywood im Fr\u00fchsommer 2015. Auf dem Bild fehlen Chris, Micha, Neuge und Tramfahrer Lutze.<\/p><\/div>\n<p>.<\/p>\n<div id=\"attachment_2735\" style=\"width: 834px\" class=\"wp-caption aligncenter\"><a href=\"http:\/\/www.ksv-johannisthal.de\/wp-content\/uploads\/2013\/11\/DSCF11.13akomprimiert.jpg\"><img loading=\"lazy\" decoding=\"async\" aria-describedby=\"caption-attachment-2735\" class=\"wp-image-2735\" src=\"http:\/\/www.ksv-johannisthal.de\/wp-content\/uploads\/2013\/11\/DSCF11.13akomprimiert.jpg\" alt=\"Gl\u00fcckliches Hollywood nach 5:4 Heimsieg. Die drei Torsch\u00fctzen haben sich freundlicherweise rot markiert.\" width=\"824\" height=\"618\" srcset=\"https:\/\/www.ksv-johannisthal.de\/wp-content\/uploads\/2013\/11\/DSCF11.13akomprimiert.jpg 1024w, https:\/\/www.ksv-johannisthal.de\/wp-content\/uploads\/2013\/11\/DSCF11.13akomprimiert-300x225.jpg 300w\" sizes=\"(max-width: 824px) 100vw, 824px\" \/><\/a><p id=\"caption-attachment-2735\" class=\"wp-caption-text\">Winter 2013: Gl\u00fcckliches Hollywood nach 5:4 Heimsieg. Die drei Torsch\u00fctzen haben sich freundlicherweise rot markiert.<\/p><\/div>\n<p>.<\/p>\n<div id=\"attachment_975\" style=\"width: 834px\" class=\"wp-caption aligncenter\"><a href=\"http:\/\/www.ksv-johannisthal.de\/wp-content\/uploads\/2011\/09\/IMG_85512.jpg\"><img loading=\"lazy\" decoding=\"async\" aria-describedby=\"caption-attachment-975\" class=\"wp-image-975\" src=\"http:\/\/www.ksv-johannisthal.de\/wp-content\/uploads\/2011\/09\/IMG_85512-1024x682.jpg\" alt=\"IMG_8551\" width=\"824\" height=\"549\" srcset=\"https:\/\/www.ksv-johannisthal.de\/wp-content\/uploads\/2011\/09\/IMG_85512-1024x682.jpg 1024w, https:\/\/www.ksv-johannisthal.de\/wp-content\/uploads\/2011\/09\/IMG_85512-300x199.jpg 300w, https:\/\/www.ksv-johannisthal.de\/wp-content\/uploads\/2011\/09\/IMG_85512.jpg 1280w\" sizes=\"(max-width: 824px) 100vw, 824px\" \/><\/a><p id=\"caption-attachment-975\" class=\"wp-caption-text\">Herbst 2011. Hollywood in seinen ersten kongenialen Tagen mit dem KSV Johannisthal<\/p><\/div>\n<p>.<\/p>\n<h3><span style=\"color: #000000;\"><span style=\"color: #ff0000;\">Geschichte<\/span><\/span><\/h3>\n<p><span style=\"color: #000000;\">Der FC Hollywood spurtet nach seiner Gr\u00fcndung 2010 im glatten Durchmarsch von 3. bis in die 1. Liga spielte nach dem Erstliga-Intermezzo in 2012\/2013 aber bis 2019 als Zweitligist in der Unionliga. Vom 2019 bis 2023 mussten sich die Hollywoodista in der neusortierten Vierligen-Ordnung sogar mit der dritten Liga begn\u00fcgen. 2023 gelang nach einem unerwartet starken Jahr der Wiederaufstieg, allerdings 2024 der sofortige Wiederabstieg und 2025 erneuter Aufstieg. Alter! Was f\u00fcr eine Achterbahnfahrt. <\/span><\/p>\n<p><span style=\"color: #000000;\">Apropos Alter: In den Gr\u00fcnderjahren ging Hollywood noch mit einem flotten U 30 Schnitt und XXL Kader an den Start. Mittlerweile l\u00e4uft die Kerntruppe der Hollywoodjungs parallel in der \u00dc40 des KSV auf und aus dem schmaler gewordenen Kader lassen sich oftmal nur noch mit M\u00fche 7 Mann pro Spiel herausfiltrieren. Mit Neuerwerbungen wie Phil, Mario, Dennis und Edgar sowie Wiederauferstandenen (Philipp und Daniel)\u00a0 geht Hollywood dennoch unverdrossen in eine n\u00e4chste Saison.\u00a0<\/span><\/p>\n<h4><span style=\"color: #000000;\"> Vamos muchachos! \u00a0 <\/span><\/h4>\n<p><span style=\"color: #000000;\">\u00a0<\/span><\/p>\n<h3><span style=\"color: #ff0000;\">Eisern&#8230;<\/span><\/h3>\n<h4>&#8212;&#8212;&#8212;&#8212;&#8212;&#8212;&#8212;&#8212;&#8212;&#8212;&#8212;&#8212;&#8212;&#8212;&#8212;&#8212;&#8212;&#8212;&#8212;&#8212;&#8212;&#8212;&#8212;&#8212;&#8212;&#8212;&#8212;&#8212;-<\/h4>\n<h3><span style=\"color: #000000;\">Downloads:<\/span><\/h3>\n<h3><span style=\"color: #ff0000;\"><a href=\"http:\/\/www.ksv-johannisthal.de\/wp-content\/uploads\/2013\/06\/Hollywood-Homepage-2011-121.pdf\"><span style=\"color: #ff0000;\">Saison 2011-2012<\/span><\/a><\/span><\/h3>\n<h3><span style=\"color: #ff0000;\"><a href=\"http:\/\/www.ksv-johannisthal.de\/wp-content\/uploads\/2013\/06\/Hollywood-2012-13.pdf\"><span style=\"color: #ff0000;\">Saison 2012-2013<\/span><\/a><\/span><\/h3>\n<h3><span style=\"color: #ff0000;\"><a href=\"http:\/\/www.ksv-johannisthal.de\/wp-content\/uploads\/2013\/06\/Hollywood-2013-142.pdf\"><span style=\"color: #ff0000;\">Saison 2013-2014<\/span><\/a><\/span><\/h3>\n<h3><a href=\"http:\/\/www.ksv-johannisthal.de\/wp-content\/uploads\/2013\/06\/Hollywood-2014-151.pdf\"><span style=\"color: #ff0000;\">Saison 2014-2015<\/span><\/a><\/h3>\n<h3><span style=\"color: #ff0000;\"><a style=\"color: #ff0000;\" href=\"http:\/\/www.ksv-johannisthal.de\/?attachment_id=4428\" rel=\"attachment wp-att-4428\">Saison 2015-2016<\/a><\/span><\/h3>\n<h3><span style=\"color: #ff0000;\"><a style=\"color: #ff0000;\" href=\"http:\/\/www.ksv-johannisthal.de\/?attachment_id=4687\" rel=\"attachment wp-att-4687\">Saison 2016-2017<\/a><\/span><\/h3>\n<p>&#8212;&#8212;&#8212;&#8212;&#8212;&#8212;&#8212;&#8212;&#8212;&#8212;&#8212;&#8212;&#8212;&#8212;&#8212;&#8212;&#8212;&#8212;&#8212;&#8212;&#8212;&#8212;&#8212;&#8212;&#8212;&#8212;<\/p>\n<h3>\u00a0<\/h3>","protected":false},"excerpt":{"rendered":"<p>\u00a0 \u00a0 Saison 2025\/2026 Tabelle 2.Liga Spielplan 2.Liga \u00a0 \u00a0 &#8230;&#8230;&#8230;&#8230;&#8230;&#8230;&#8230;&#8230;&#8230;&#8230;&#8230;&#8230;&#8230;&#8230;&#8230;&#8230;&#8230;&#8230;&#8230;&#8230;&#8230;&#8230;&#8230;&#8230;&#8230;&#8230;&#8230;&#8230; . 1. April 2026 Theo kauft ein Stadion Nach seiner 5 Scorerpunkt Gala letzter Woche, ist Theo auch gestern gegen die \u201eEiserne Kirschkolonne\u201c der Brustl\u00f6ser. Gegen Ende einer sehr bem\u00fchten ersten Halbzeit schn\u00fcrt er im Stile eines Topst\u00fcrmers binnen Sekunden einen Doppelpack und ebnet [&hellip;]<\/p>\n","protected":false},"author":2,"featured_media":0,"parent":0,"menu_order":0,"comment_status":"open","ping_status":"open","template":"","meta":{"footnotes":""},"class_list":["post-592","page","type-page","status-publish","hentry"],"_links":{"self":[{"href":"https:\/\/www.ksv-johannisthal.de\/index.php?rest_route=\/wp\/v2\/pages\/592"}],"collection":[{"href":"https:\/\/www.ksv-johannisthal.de\/index.php?rest_route=\/wp\/v2\/pages"}],"about":[{"href":"https:\/\/www.ksv-johannisthal.de\/index.php?rest_route=\/wp\/v2\/types\/page"}],"author":[{"embeddable":true,"href":"https:\/\/www.ksv-johannisthal.de\/index.php?rest_route=\/wp\/v2\/users\/2"}],"replies":[{"embeddable":true,"href":"https:\/\/www.ksv-johannisthal.de\/index.php?rest_route=%2Fwp%2Fv2%2Fcomments&post=592"}],"version-history":[{"count":196,"href":"https:\/\/www.ksv-johannisthal.de\/index.php?rest_route=\/wp\/v2\/pages\/592\/revisions"}],"predecessor-version":[{"id":18024,"href":"https:\/\/www.ksv-johannisthal.de\/index.php?rest_route=\/wp\/v2\/pages\/592\/revisions\/18024"}],"wp:attachment":[{"href":"https:\/\/www.ksv-johannisthal.de\/index.php?rest_route=%2Fwp%2Fv2%2Fmedia&parent=592"}],"curies":[{"name":"wp","href":"https:\/\/api.w.org\/{rel}","templated":true}]}}